{"id":1867,"date":"2022-03-02T14:36:23","date_gmt":"2022-03-02T13:36:23","guid":{"rendered":"https:\/\/www.dbalearning.com\/accueil\/"},"modified":"2022-08-31T16:39:06","modified_gmt":"2022-08-31T14:39:06","slug":"accueil","status":"publish","type":"page","link":"https:\/\/www.dbalearning.com\/en\/","title":{"rendered":"Welcome"},"content":{"rendered":"<div class=\"wpb-content-wrapper\"><p>[vc_row full_width=&#8221;stretch_row_content_no_spaces&#8221;][vc_column][vc_single_image image=&#8221;1089&#8243; img_size=&#8221;full&#8221; alignment=&#8221;center&#8221; style=&#8221;vc_box_shadow_3d&#8221; css_animation=&#8221;fadeIn&#8221;][\/vc_column][\/vc_row][vc_row][vc_column][vc_column_text css_animation=&#8221;top-to-bottom&#8221;]<\/p>\n<h1 style=\"text-align: center;\">Welcome to DBA Learning<\/h1>\n<p>[\/vc_column_text][vc_column_text css_animation=&#8221;top-to-bottom&#8221;]<\/p>\n<p style=\"text-align: center;\">No matter why you have to learn French, if you can speak or understand English or Russian, you can learn French with <strong>DBA LEARNING<\/strong> from scratch.<\/p>\n<p style=\"text-align: center;\">If you are a beginner, English or Russian will serve us as transitional languages at the very beginning of your learning. This means that the more you progress, the less we will use these languages. The goal is to speak French only.<\/p>\n<p>[\/vc_column_text][\/vc_column][\/vc_row][vc_row][vc_column][vc_btn title=&#8221;CONTACT NOW&#8221; style=&#8221;flat&#8221; shape=&#8221;square&#8221; color=&#8221;danger&#8221; align=&#8221;center&#8221; css_animation=&#8221;fadeIn&#8221; link=&#8221;url:https%3A%2F%2Fwww.dbalearning.com%2Fen%2Fcontact%2F|title:Contact&#8221;][vc_empty_space][vc_separator style=&#8221;shadow&#8221; border_width=&#8221;10&#8243; el_width=&#8221;50&#8243; css_animation=&#8221;fadeIn&#8221;][\/vc_column][\/vc_row][vc_row full_width=&#8221;stretch_row_content_no_spaces&#8221; css=&#8221;.vc_custom_1654590895382{padding-top: 40px !important;background-image: url(https:\/\/www.dbalearning.com\/wp-content\/uploads\/fond-bandeau.jpg?id=1068) !important;background-position: center !important;background-repeat: no-repeat !important;background-size: cover !important;}&#8221;][vc_column parallax=&#8221;content-moving&#8221; css_animation=&#8221;fadeIn&#8221; css=&#8221;.vc_custom_1650356560852{padding-top: 3% !important;padding-bottom: 2% !important;}&#8221;][vc_row_inner][vc_column_inner width=&#8221;1\/4&#8243;][\/vc_column_inner][vc_column_inner width=&#8221;1\/2&#8243; css=&#8221;.vc_custom_1654590965893{padding-top: 25px !important;padding-right: 25px !important;padding-bottom: 25px !important;padding-left: 25px !important;}&#8221;][vc_column_text css_animation=&#8221;fadeIn&#8221;]<\/p>\n<div class=\"tpro-sc-code selectable\"><style id=\"sp_testimonial_dynamic_css2729\">#sp-testimonial-pro-wrapper-2729.sp-testimonial-pro-wrapper .sp-testimonial-pro-section.sp-tpCarousel {padding:0 0 60px 0;}#sp-testimonial-pro-wrapper-2729.sp-testimonial-pro-wrapper .sp-testimonial-pro-section.sp-testimonial-pro-section-thumb{padding:0 0;}#sp-testimonial-pro-wrapper-2729.sp-testimonial-pro-wrapper .sp-testimonial-pro-section.sp-testimonial-pro-section-content {padding:0 0 60px 0;}#sp-testimonial-pro-wrapper-2729 .sp-testimonial-pro-section {display:none;}#sp-testimonial-pro-wrapper-2729 .sp-testimonial-pro-section.swiper-initialized,#sp-testimonial-pro-wrapper-2729 .sp-testimonial-pro-section.swiper-container-initialized {display: block;}#sp-testimonial-pro-2729.sp-testimonial-pro-section .sp-testimonial-pro-item:not(.swiper-slide){padding-right:0px; } #sp-testimonial-pro-2729.sp-testimonial-pro-section .sp-tpro-items{ margin-right:-0px;width: calc( 100% + 0px );}#sp-testimonial-pro-2729.sp-testimonial-pro-section .swiper-slide.sp-testimonial-pro-item{ padding-bottom:0px; }#sp-testimonial-pro-2729.sp-testimonial-pro-section:not(.sp-testimonial-fade-carousel) .swiper-slide:not(.sp-testimonial-pro-item) { margin-bottom: -0px; }#sp-testimonial-pro-2729.sp-testimonial-pro-section .swiper-slide .sp-testimonial-pro-item:last-child{padding-right: 0; }#sp-testimonial-pro-2729.sp-testimonial-pro-section .tpro-client-image .sp-tpro-video i.fa, #sp-testimonial-pro-2729.sp-testimonial-pro-section .tpro-client-image .sp-tpro-img i.fa{width: 32px; height: 32px;font-size: 32px; color: #e2e2e2;}#sp-testimonial-pro-2729.sp-testimonial-pro-section .tpro-client-image .sp-tpro-video:hover i.fa, #sp-testimonial-pro-2729.sp-testimonial-pro-section .tpro-client-image .sp-tpro-img:hover i.fa{color: #ffffff;}#sp-testimonial-pro-2729.sp-testimonial-pro-section .tpro-client-image .sp-tpro-video:before,#sp-testimonial-pro-2729.sp-testimonial-pro-section .tpro-client-image .sp-tpro-img:before{background: rgba(51, 51, 51, 0.4);}#sp-testimonial-pro-2729.sp-testimonial-pro-section .tpro-client-image{margin: 0px 0px 22px 0px;text-align: center;}#sp-testimonial-pro-2729.sp-testimonial-pro-section .tpro-client-image img,.sp-tpro-modal-testimonial-2729 .tpro-client-image img{background: #ffffff;border: 0px solid #dddddd;padding: 0px;}#sp-testimonial-pro-2729.sp-testimonial-pro-section .tpro-client-testimonial{color: #333333;font-size: 16px;line-height: 26px;text-transform: none;letter-spacing: 0px;text-align: center; font-family: Open Sans;font-style: normal; font-weight: normal;margin: 0px 0px 20px 0px;}#sp-testimonial-pro-2729.sp-testimonial-pro-section .tpro-client-testimonial p{font-size: 16px;}.sp-tpro-modal-testimonial-2729.sp-tpro-modal-testimonial .tpro-client-testimonial{color: #444444; text-align: center;font-size: 16px;line-height: 26px;text-transform: none;letter-spacing: 0px;font-family: Open Sans; font-style: normal; font-weight: normal;}#sp-testimonial-pro-2729.sp-testimonial-pro-section .tpro-client-name{color: #333333;font-size: 16px;line-height: 24px;text-transform: none;letter-spacing: 0px;text-align: center; font-family: Open Sans;font-style: normal; font-weight: 700;margin: 0px 0px 8px 0px;}.sp-tpro-modal-testimonial-2729.sp-tpro-modal-testimonial .tpro-client-name{color: #444444; text-align: center;font-size: 16px;line-height: 24px;text-transform: none;letter-spacing: 0px;font-family: Open Sans; font-style: normal; font-weight: 700;}#sp-testimonial-pro-2729.sp-testimonial-pro-section .tpro-client-designation-company{color: #444444;font-size: 16px;line-height: 24px;text-transform: none;letter-spacing: 0px;text-align: center; font-family: Open Sans;font-style: normal; font-weight: normal;margin: 0px 0px 8px 0px;}.sp-tpro-modal-testimonial-2729.sp-tpro-modal-testimonial .tpro-client-designation-company{color: #444444; text-align: center;font-size: 16px;line-height: 24px;text-transform: none;letter-spacing: 0px;font-family: Open Sans; font-style: normal; font-weight: normal;}#sp-testimonial-pro-2729.sp-testimonial-pro-section .tpro-client-company-image{text-align: center;}#sp-testimonial-pro-2729.sp-testimonial-pro-section .tpro-client-location{color: #444444;font-size: 15px;line-height: 20px;text-transform: none;letter-spacing: 0px;text-align: center; font-family: Open Sans;font-style: normal; font-weight: normal;margin: 0px 0px 5px 0px;}.sp-tpro-modal-testimonial-2729.sp-tpro-modal-testimonial .tpro-client-location{color: #444444; text-align: center;font-size: 15px;line-height: 20px;text-transform: none;letter-spacing: 0px;font-family: Open Sans; font-style: normal; font-weight: normal;}#sp-testimonial-pro-2729.sp-testimonial-pro-section .tpro-client-phone{color: #444444;font-size: 15px;line-height: 20px;text-transform: none;letter-spacing: 0px;text-align: center; font-family: Open Sans;font-style: normal; font-weight: normal;margin: 0px 0px 3px 0px;}.sp-tpro-modal-testimonial-2729.sp-tpro-modal-testimonial .tpro-client-phone{color: #444444; text-align: center;font-size: 15px;line-height: 20px;text-transform: none;letter-spacing: 0px;font-family: Open Sans; font-style: normal; font-weight: normal;}#sp-testimonial-pro-2729.sp-testimonial-pro-section .tpro-client-email{color: #444444;font-size: 15px;line-height: 20px;text-transform: none;letter-spacing: 0px;text-align: center; font-family: Open Sans;font-style: normal; font-weight: normal;margin: 0px 0px 5px 0px;}.sp-tpro-modal-testimonial-2729.sp-tpro-modal-testimonial .tpro-client-email{color: #444444; text-align: center;font-size: 15px;line-height: 20px;text-transform: none;letter-spacing: 0px;font-family: Open Sans; font-style: normal; font-weight: normal;}#sp-testimonial-pro-2729.sp-testimonial-pro-section .tpro-client-website{color: #444444;font-size: 15px;line-height: 20px;text-transform: none;letter-spacing: 0px;text-align: center; font-family: Open Sans;font-style: normal; font-weight: normal;margin: 0px 0px 6px 0px;}.sp-tpro-modal-testimonial-2729.sp-tpro-modal-testimonial .tpro-client-website{color: #444444; text-align: center;font-size: 15px;line-height: 20px;text-transform: none;letter-spacing: 0px;font-family: Open Sans; font-style: normal; font-weight: normal;}#sp-testimonial-pro-2729.sp-testimonial-pro-section .sp-testimonial-pro-item .sp-testimonial-pro{border: 0px solid #e3e3e3;border-radius: 0px;padding: 0px 0px 0px 0px;background-color: transparent;line-height: 0;}#sp-testimonial-pro-2729.sp-testimonial-pro-section .sp-testimonial-pagination{margin: 21px 0px 0px 0px;} #sp-testimonial-pro-2729.sp-testimonial-pro-section .sp-testimonial-pagination .swiper-pagination-bullet,#sp-testimonial-pro-2729.sp-testimonial-pro-section .sp_testimonial-pagination-scrollbar{background: #cccccc;}#sp-testimonial-pro-2729.sp-testimonial-pro-section .sp-testimonial-pagination .swiper-pagination-bullet.swiper-pagination-bullet-active,#sp-testimonial-pro-2729.sp-testimonial-pro-section .sp_testimonial-pagination-scrollbar .swiper-scrollbar-drag {background: #1595ce;}#sp-testimonial-pro-2729.sp-testimonial-pro-section .tpro-button-prev,#sp-testimonial-pro-2729.sp-testimonial-pro-section .tpro-button-next{background: transparent;color: #777777;border: 2px solid #777777;border-radius: 50%;line-height: 28px;font-size: 20px;width: 30px;height: 30px;}#sp-testimonial-pro-2729.sp-testimonial-pro-section .tpro-button-prev:hover,#sp-testimonial-pro-2729.sp-testimonial-pro-section .tpro-button-next:hover{background: #1595ce;color: #ffffff;border-color: #1595ce;}#sp-testimonial-pro-wrapper-2729 .sp-testimonial-pro-section:not(.sp-testimonial-pro-section-thumb),#sp-testimonial-pro-wrapper-2729.vertical_outer .sp-testimonial-pro-section:not(.sp-testimonial-pro-section-thumb){ margin: 0 50px;}#sp-testimonial-pro-wrapper-2729 .sp-testimonial-pro-section{ padding: 0 60px;}#sp-testimonial-pro-wrapper-2729:not(.show_on_hover) .tpro-button-next {left: auto;right: 0;}#sp-testimonial-pro-wrapper-2729.show_on_hover .tpro-button-next {left: auto;right: -35px;}\/* xs *\/@media (max-width: 600px) {#sp-testimonial-pro-wrapper-2729.sp_tpro_nav_position_vertical_center .sp-testimonial-pro-section:not(.sp-testimonial-pro-section-thumb),#sp-testimonial-pro-wrapper-2729.sp_tpro_nav_position_vertical_outer .sp-testimonial-pro-section:not(.sp-testimonial-pro-section-thumb),#sp-testimonial-pro-wrapper-2729.vertical_outer .sp-testimonial-pro-section:not(.sp-testimonial-pro-section-thumb) {margin: 0 35px;}}<\/style><div id=\"sp-testimonial-pro-wrapper-2729\" class=\"sp-testimonial-pro-wrapper sp-testimonial-carousel sp_tpro_nav_position_vertical_outer tpro-layout-slider-standard \" data-testimonial-id= \"2729\" data-layout= \"slider\"><div class=\"sp-testimonial-carousel-wrapper\"><div id=\"sp-testimonial-pro-2729\" dir=\"ltr\" data-testimonial='{ \"videoIcon\": , \"lightboxIcon\": false, \"thumbnailSlider\": false}'data-preloader=''data-arrowicon=\"angle\" data-swiper_slider='{\"enablePagination\": \"1\",\"pagination_type\": \"dots\",\"dots\": true,\"centerMode\": false,\"spaceBetween\":0, \"adaptiveHeight\": false, \"rows\": 0, \"pauseOnHover\": true, \"animationEffect\": \"slide\", \"effect\": false, \"slidesToShow\": 1, \"speed\": 600, \"arrows\": 1, \"autoplay\": true, \"autoplaySpeed\": 3000, \"swipe\": true, \"swipeToSlide\": false, \"draggable\": true, \"rtl\": false, \"infinite\": true, \"slidesToScroll\": 1, \"fade\": false,\"slidesPerView\": {\"lg_desktop\":1 , \"desktop\": 1, \"laptop\":1 , \"tablet\": 1, \"mobile\": 1},\"slideToScroll\": {\"lg_desktop\":1 , \"desktop\": 1, \"laptop\":1 , \"tablet\":1 , \"mobile\":1 }, \"slidesRow\": {\"lg_desktop\":0 , \"desktop\": 0, \"laptop\": 0 , \"tablet\":0, \"mobile\": 0}, \"autoplay_mobile\": false}' class=\"sp-tpCarousel swiper-container sp-testimonial-pro-section tpro-layout-slider-standard sp-testimonial-pro-read-more tpro-readmore-expand- tpro-style-theme-one \"><div class=\"swiper-wrapper\"><div class=\"sp-testimonial-pro-item swiper-slide\"><div class=\"sp-testimonial-pro\"><div class=\"tpro-client-image tpro-image-style-three\"><img decoding=\"async\" src=\"https:\/\/www.dbalearning.com\/wp-content\/plugins\/testimonial-pro\/src\/Frontend\/assets\/images\/placeholder-image.png\" width =\"120\" height=\"120\" alt=\"Placeholder Image\" class=\"tpro-img-tag tpro-grayscale-none\" ><\/div><div class=\"tpro-client-testimonial\"><div class=\"tpro-testimonial-text\"><p>Do you know what a foreign accent is? It\u2019s a sign of bravery<\/p><\/div><\/div><h4 class=\"tpro-client-name\">Amy Chua<\/h4><\/div> <\/div> <div class=\"sp-testimonial-pro-item swiper-slide\"><div class=\"sp-testimonial-pro\"><div class=\"tpro-client-image tpro-image-style-three\"><img decoding=\"async\" src=\"https:\/\/www.dbalearning.com\/wp-content\/plugins\/testimonial-pro\/src\/Frontend\/assets\/images\/placeholder-image.png\" width =\"120\" height=\"120\" alt=\"Placeholder Image\" class=\"tpro-img-tag tpro-grayscale-none\" ><\/div><div class=\"tpro-client-testimonial\"><div class=\"tpro-testimonial-text\"><p>One language sets you in a corridor for life. Two languages open every door along the way.<\/p><\/div><\/div><h4 class=\"tpro-client-name\">Frank Smith<\/h4><\/div> <\/div> <\/div><div class=\"sp-testimonial-pagination swiper-pagination\"><\/div><div class=\"tpro-button-next tpro-arrow swiper-button-next vertical_outer\"><i class=\"\"><\/i><\/div><div class=\"tpro-button-prev tpro-arrow swiper-button-prev vertical_outer\"><i class=\"\"><\/i><\/div> <\/div><\/div><\/div><\/div>\n<p>[\/vc_column_text][\/vc_column_inner][vc_column_inner width=&#8221;1\/4&#8243;][\/vc_column_inner][\/vc_row_inner][\/vc_column][\/vc_row][vc_row css=&#8221;.vc_custom_1646232214627{padding-top: 30px !important;padding-bottom: 30px !important;}&#8221;][vc_column][vc_empty_space][\/vc_column][\/vc_row][vc_row gap=&#8221;35&#8243;][vc_column width=&#8221;1\/2&#8243; el_class=&#8221;ombre&#8221; css=&#8221;.vc_custom_1650359073992{padding-top: 25px !important;padding-right: 35px !important;padding-bottom: 25px !important;padding-left: 35px !important;}&#8221;][vc_column_text css_animation=&#8221;top-to-bottom&#8221;]<\/p>\n<h4 style=\"text-align: center;\">Apprendre <span style=\"color: #4092df;\">le fran\u00e7ais<\/span><\/h4>\n<p>[\/vc_column_text][vc_separator border_width=&#8221;2&#8243; css_animation=&#8221;fadeIn&#8221;][vc_column_text]<strong>DBA LEARNING<\/strong> vous propose des cours <strong>FLE<\/strong> (fran\u00e7ais langue \u00e9trang\u00e8re) quelle que soit votre langue maternelle.<\/p>\n<p>Les cours sont construits de fa\u00e7on progressive. A chaque nouvelle le\u00e7on, vous aurez de la phon\u00e9tique, de la grammaire, du vocabulaire et des exercices \u00e0 faire pour mieux assimiler la le\u00e7on.<\/p>\n<p>Les cours sont adapt\u00e9s \u00e0 chaque apprenant. <strong>DBA LEARNING<\/strong> vous propose les niveaux : <strong>A1<\/strong>, <strong>A2<\/strong>, <strong>B1<\/strong>, <strong>B2<\/strong> et <strong>C1<\/strong>, <strong>C2<\/strong>.[\/vc_column_text][vc_row_inner css=&#8221;.vc_custom_1650356150115{margin-bottom: 0px !important;padding-bottom: 0px !important;}&#8221;][vc_column_inner width=&#8221;2\/3&#8243;][vc_btn title=&#8221;Commencez maintenant !&#8221; style=&#8221;flat&#8221; shape=&#8221;square&#8221; color=&#8221;sky&#8221; align=&#8221;left&#8221; css_animation=&#8221;fadeIn&#8221; link=&#8221;url:https%3A%2F%2Fwww.dbalearning.com%2Fapprendre-francais%2F|title:Learn%20french&#8221;][\/vc_column_inner][vc_column_inner width=&#8221;1\/3&#8243;][vc_single_image image=&#8221;937&#8243; img_size=&#8221;full&#8221; alignment=&#8221;center&#8221; css_animation=&#8221;fadeIn&#8221;][\/vc_column_inner][\/vc_row_inner][\/vc_column][vc_column width=&#8221;1\/2&#8243; el_class=&#8221;ombre&#8221; css=&#8221;.vc_custom_1650359079761{padding-top: 25px !important;padding-right: 35px !important;padding-bottom: 25px !important;padding-left: 35px !important;}&#8221;][vc_column_text css_animation=&#8221;top-to-bottom&#8221;]<\/p>\n<h4 style=\"text-align: center;\">Learn <span style=\"color: #4092df;\">French<\/span><\/h4>\n<p>[\/vc_column_text][vc_separator border_width=&#8221;2&#8243; css_animation=&#8221;fadeIn&#8221;][vc_column_text]<strong>DBA LEARNING <\/strong>offers you <strong>FLE<\/strong> (french equivalent for French as foreign language) lessons, no matter\u00a0 your native language is.<\/p>\n<p>The lessons are built in a progressive way. It means, each lesson combines phonetics, some grammar knowledge, some vocabulary and of course several exercises to do, to better assimilate your lesson.<\/p>\n<p>The lessons are adapted to the student\u2019s level and goes up gradually. The studied levels are: <strong>A1<\/strong>, <strong>A2<\/strong>, <strong>B1<\/strong>, <strong>B2<\/strong> and <strong>C1<\/strong>, <strong>C2<\/strong>.[\/vc_column_text][vc_row_inner css=&#8221;.vc_custom_1650356155845{margin-bottom: 0px !important;padding-bottom: 0px !important;}&#8221;][vc_column_inner width=&#8221;2\/3&#8243;][vc_btn title=&#8221;Start now !&#8221; style=&#8221;flat&#8221; shape=&#8221;square&#8221; color=&#8221;danger&#8221; align=&#8221;left&#8221; css_animation=&#8221;fadeIn&#8221; link=&#8221;url:https%3A%2F%2Fwww.dbalearning.com%2Fen%2Flearn-french%2F&#8221;][\/vc_column_inner][vc_column_inner width=&#8221;1\/3&#8243;][vc_single_image image=&#8221;937&#8243; img_size=&#8221;full&#8221; alignment=&#8221;center&#8221; css_animation=&#8221;fadeIn&#8221;][\/vc_column_inner][\/vc_row_inner][\/vc_column][\/vc_row]<\/p>\n<\/div>","protected":false},"excerpt":{"rendered":"<p> Welcome to DBA Learning  No matter why you have to learn French, if you can speak or understand English or Russian, you can learn French with DBA LEARNING from scratch. If you are a beginner, English or Russian will serve us as transitional languages at the very beginning of your learning. This means that the more you progress, the less we will use these languages. The goal is to speak French only. [vc_row full_width=&#8221;stretch_row_content_no_spaces&#8221; css=&#8221;.vc_custom_1654590895382{padding-top: 40px !important;background-image: url(https:\/\/www.dbalearning.com\/wp-content\/uploads\/fond-bandeau.jpg?id=1068)<\/p>\n","protected":false},"author":1,"featured_media":0,"parent":0,"menu_order":0,"comment_status":"closed","ping_status":"closed","template":"","meta":{"footnotes":""},"class_list":["post-1867","page","type-page","status-publish","hentry"],"yoast_head":"<!-- This site is optimized with the Yoast SEO plugin v27.5 - https:\/\/yoast.com\/product\/yoast-seo-wordpress\/ -->\n<title>Welcome - DBA Learning<\/title>\n<meta name=\"robots\" content=\"index, follow, max-snippet:-1, max-image-preview:large, max-video-preview:-1\" \/>\n<link rel=\"canonical\" href=\"https:\/\/www.dbalearning.com\/en\/\" \/>\n<meta property=\"og:locale\" content=\"en_US\" \/>\n<meta property=\"og:type\" content=\"article\" \/>\n<meta property=\"og:title\" content=\"Welcome - DBA Learning\" \/>\n<meta property=\"og:description\" content=\"Welcome to DBA Learning No matter why you have to learn French, if you can speak or understand English or Russian, you can learn French with DBA LEARNING from scratch. If you are a beginner, English or Russian will serve us as transitional languages at the very beginning of your learning. This means that the more you progress, the less we will use these languages. The goal is to speak French only. [vc_row full_width=&#8221;stretch_row_content_no_spaces&#8221; css=&#8221;.vc_custom_1654590895382{padding-top: 40px !important;background-image: url(https:\/\/www.dbalearning.com\/wp-content\/uploads\/fond-bandeau.jpg?id=1068)\" \/>\n<meta property=\"og:url\" content=\"https:\/\/www.dbalearning.com\/en\/\" \/>\n<meta property=\"og:site_name\" content=\"DBA Learning\" \/>\n<meta property=\"article:modified_time\" content=\"2022-08-31T14:39:06+00:00\" \/>\n<meta name=\"twitter:card\" content=\"summary_large_image\" \/>\n<meta name=\"twitter:label1\" content=\"Est. reading time\" \/>\n\t<meta name=\"twitter:data1\" content=\"2 minutes\" \/>\n<script type=\"application\/ld+json\" class=\"yoast-schema-graph\">{\"@context\":\"https:\\\/\\\/schema.org\",\"@graph\":[{\"@type\":\"WebPage\",\"@id\":\"https:\\\/\\\/www.dbalearning.com\\\/en\\\/\",\"url\":\"https:\\\/\\\/www.dbalearning.com\\\/en\\\/\",\"name\":\"Welcome - DBA Learning\",\"isPartOf\":{\"@id\":\"https:\\\/\\\/www.dbalearning.com\\\/en\\\/#website\"},\"datePublished\":\"2022-03-02T13:36:23+00:00\",\"dateModified\":\"2022-08-31T14:39:06+00:00\",\"breadcrumb\":{\"@id\":\"https:\\\/\\\/www.dbalearning.com\\\/en\\\/#breadcrumb\"},\"inLanguage\":\"en-US\",\"potentialAction\":[{\"@type\":\"ReadAction\",\"target\":[\"https:\\\/\\\/www.dbalearning.com\\\/en\\\/\"]}]},{\"@type\":\"BreadcrumbList\",\"@id\":\"https:\\\/\\\/www.dbalearning.com\\\/en\\\/#breadcrumb\",\"itemListElement\":[{\"@type\":\"ListItem\",\"position\":1,\"name\":\"Accueil\",\"item\":\"https:\\\/\\\/www.dbalearning.com\\\/en\\\/\"},{\"@type\":\"ListItem\",\"position\":2,\"name\":\"Welcome\"}]},{\"@type\":\"WebSite\",\"@id\":\"https:\\\/\\\/www.dbalearning.com\\\/en\\\/#website\",\"url\":\"https:\\\/\\\/www.dbalearning.com\\\/en\\\/\",\"name\":\"DBA Learning\",\"description\":\"\",\"potentialAction\":[{\"@type\":\"SearchAction\",\"target\":{\"@type\":\"EntryPoint\",\"urlTemplate\":\"https:\\\/\\\/www.dbalearning.com\\\/en\\\/?s={search_term_string}\"},\"query-input\":{\"@type\":\"PropertyValueSpecification\",\"valueRequired\":true,\"valueName\":\"search_term_string\"}}],\"inLanguage\":\"en-US\"}]}<\/script>\n<!-- \/ Yoast SEO plugin. -->","yoast_head_json":{"title":"Welcome - DBA Learning","robots":{"index":"index","follow":"follow","max-snippet":"max-snippet:-1","max-image-preview":"max-image-preview:large","max-video-preview":"max-video-preview:-1"},"canonical":"https:\/\/www.dbalearning.com\/en\/","og_locale":"en_US","og_type":"article","og_title":"Welcome - DBA Learning","og_description":"Welcome to DBA Learning No matter why you have to learn French, if you can speak or understand English or Russian, you can learn French with DBA LEARNING from scratch. If you are a beginner, English or Russian will serve us as transitional languages at the very beginning of your learning. This means that the more you progress, the less we will use these languages. The goal is to speak French only. [vc_row full_width=&#8221;stretch_row_content_no_spaces&#8221; css=&#8221;.vc_custom_1654590895382{padding-top: 40px !important;background-image: url(https:\/\/www.dbalearning.com\/wp-content\/uploads\/fond-bandeau.jpg?id=1068)","og_url":"https:\/\/www.dbalearning.com\/en\/","og_site_name":"DBA Learning","article_modified_time":"2022-08-31T14:39:06+00:00","twitter_card":"summary_large_image","twitter_misc":{"Est. reading time":"2 minutes"},"schema":{"@context":"https:\/\/schema.org","@graph":[{"@type":"WebPage","@id":"https:\/\/www.dbalearning.com\/en\/","url":"https:\/\/www.dbalearning.com\/en\/","name":"Welcome - DBA Learning","isPartOf":{"@id":"https:\/\/www.dbalearning.com\/en\/#website"},"datePublished":"2022-03-02T13:36:23+00:00","dateModified":"2022-08-31T14:39:06+00:00","breadcrumb":{"@id":"https:\/\/www.dbalearning.com\/en\/#breadcrumb"},"inLanguage":"en-US","potentialAction":[{"@type":"ReadAction","target":["https:\/\/www.dbalearning.com\/en\/"]}]},{"@type":"BreadcrumbList","@id":"https:\/\/www.dbalearning.com\/en\/#breadcrumb","itemListElement":[{"@type":"ListItem","position":1,"name":"Accueil","item":"https:\/\/www.dbalearning.com\/en\/"},{"@type":"ListItem","position":2,"name":"Welcome"}]},{"@type":"WebSite","@id":"https:\/\/www.dbalearning.com\/en\/#website","url":"https:\/\/www.dbalearning.com\/en\/","name":"DBA Learning","description":"","potentialAction":[{"@type":"SearchAction","target":{"@type":"EntryPoint","urlTemplate":"https:\/\/www.dbalearning.com\/en\/?s={search_term_string}"},"query-input":{"@type":"PropertyValueSpecification","valueRequired":true,"valueName":"search_term_string"}}],"inLanguage":"en-US"}]}},"_links":{"self":[{"href":"https:\/\/www.dbalearning.com\/en\/wp-json\/wp\/v2\/pages\/1867","targetHints":{"allow":["GET"]}}],"collection":[{"href":"https:\/\/www.dbalearning.com\/en\/wp-json\/wp\/v2\/pages"}],"about":[{"href":"https:\/\/www.dbalearning.com\/en\/wp-json\/wp\/v2\/types\/page"}],"author":[{"embeddable":true,"href":"https:\/\/www.dbalearning.com\/en\/wp-json\/wp\/v2\/users\/1"}],"replies":[{"embeddable":true,"href":"https:\/\/www.dbalearning.com\/en\/wp-json\/wp\/v2\/comments?post=1867"}],"version-history":[{"count":7,"href":"https:\/\/www.dbalearning.com\/en\/wp-json\/wp\/v2\/pages\/1867\/revisions"}],"predecessor-version":[{"id":2850,"href":"https:\/\/www.dbalearning.com\/en\/wp-json\/wp\/v2\/pages\/1867\/revisions\/2850"}],"wp:attachment":[{"href":"https:\/\/www.dbalearning.com\/en\/wp-json\/wp\/v2\/media?parent=1867"}],"curies":[{"name":"wp","href":"https:\/\/api.w.org\/{rel}","templated":true}]}}